{"id":3541,"date":"2023-09-15T09:57:26","date_gmt":"2023-09-15T07:57:26","guid":{"rendered":"https:\/\/www.groupe-gilbert.fr\/legal-publication\/"},"modified":"2023-09-15T09:57:27","modified_gmt":"2023-09-15T07:57:27","slug":"legal-publication","status":"publish","type":"page","link":"https:\/\/www.groupe-gilbert.fr\/en\/legal-publication\/","title":{"rendered":"Legal publication"},"content":{"rendered":"\n<p><a href=\"https:\/\/www.groupe-gilbert.fr\/wp-content\/uploads\/2023\/09\/traite-APA-FBaGP.pdf\">Trait\u00e9 d&#8217;apport partiel d&#8217;actifs soumis au r\u00e9gime juridique des scissions entre Financi\u00e8re Batteur et Gilbert Pharma<\/a><\/p>\n","protected":false},"excerpt":{"rendered":"<p>Trait\u00e9 d&#8217;apport partiel d&#8217;actifs soumis au r\u00e9gime juridique des scissions entre Financi\u00e8re Batteur et Gilbert Pharma<\/p>\n","protected":false},"author":1,"featured_media":0,"parent":0,"menu_order":12,"comment_status":"closed","ping_status":"closed","template":"","meta":{"_acf_changed":false,"inline_featured_image":false,"footnotes":""},"class_list":["post-3541","page","type-page","status-publish","hentry"],"acf":[],"yoast_head":"<!-- This site is optimized with the Yoast SEO plugin v26.4 - https:\/\/yoast.com\/wordpress\/plugins\/seo\/ -->\n<title>Legal publication - Groupe Gilbert<\/title>\n<meta name=\"robots\" content=\"index, follow, max-snippet:-1, max-image-preview:large, max-video-preview:-1\" \/>\n<link rel=\"canonical\" href=\"https:\/\/www.groupe-gilbert.fr\/en\/legal-publication\/\" \/>\n<meta property=\"og:locale\" content=\"en_US\" \/>\n<meta property=\"og:type\" content=\"article\" \/>\n<meta property=\"og:title\" content=\"Legal publication - Groupe Gilbert\" \/>\n<meta property=\"og:description\" content=\"Trait\u00e9 d&#8217;apport partiel d&#8217;actifs soumis au r\u00e9gime juridique des scissions entre Financi\u00e8re Batteur et Gilbert Pharma\" \/>\n<meta property=\"og:url\" content=\"https:\/\/www.groupe-gilbert.fr\/en\/legal-publication\/\" \/>\n<meta property=\"og:site_name\" content=\"Groupe Gilbert\" \/>\n<meta property=\"article:modified_time\" content=\"2023-09-15T07:57:27+00:00\" \/>\n<meta name=\"twitter:card\" content=\"summary_large_image\" \/>\n<script type=\"application\/ld+json\" class=\"yoast-schema-graph\">{\"@context\":\"https:\/\/schema.org\",\"@graph\":[{\"@type\":\"WebPage\",\"@id\":\"https:\/\/www.groupe-gilbert.fr\/en\/legal-publication\/\",\"url\":\"https:\/\/www.groupe-gilbert.fr\/en\/legal-publication\/\",\"name\":\"Legal publication - Groupe Gilbert\",\"isPartOf\":{\"@id\":\"https:\/\/www.groupe-gilbert.fr\/en\/#website\"},\"datePublished\":\"2023-09-15T07:57:26+00:00\",\"dateModified\":\"2023-09-15T07:57:27+00:00\",\"breadcrumb\":{\"@id\":\"https:\/\/www.groupe-gilbert.fr\/en\/legal-publication\/#breadcrumb\"},\"inLanguage\":\"en-US\",\"potentialAction\":[{\"@type\":\"ReadAction\",\"target\":[\"https:\/\/www.groupe-gilbert.fr\/en\/legal-publication\/\"]}]},{\"@type\":\"BreadcrumbList\",\"@id\":\"https:\/\/www.groupe-gilbert.fr\/en\/legal-publication\/#breadcrumb\",\"itemListElement\":[{\"@type\":\"ListItem\",\"position\":1,\"name\":\"Accueil\",\"item\":\"https:\/\/www.groupe-gilbert.fr\/en\/\"},{\"@type\":\"ListItem\",\"position\":2,\"name\":\"Legal publication\"}]},{\"@type\":\"WebSite\",\"@id\":\"https:\/\/www.groupe-gilbert.fr\/en\/#website\",\"url\":\"https:\/\/www.groupe-gilbert.fr\/en\/\",\"name\":\"Gilbert : groupe pharmaceutique et cosm\u00e9tique\",\"description\":\"La sant\u00e9 commence avec vous\",\"alternateName\":\"Groupe Gilbert\",\"potentialAction\":[{\"@type\":\"SearchAction\",\"target\":{\"@type\":\"EntryPoint\",\"urlTemplate\":\"https:\/\/www.groupe-gilbert.fr\/en\/?s={search_term_string}\"},\"query-input\":{\"@type\":\"PropertyValueSpecification\",\"valueRequired\":true,\"valueName\":\"search_term_string\"}}],\"inLanguage\":\"en-US\"}]}<\/script>\n<!-- \/ Yoast SEO plugin. -->","yoast_head_json":{"title":"Legal publication - Groupe Gilbert","robots":{"index":"index","follow":"follow","max-snippet":"max-snippet:-1","max-image-preview":"max-image-preview:large","max-video-preview":"max-video-preview:-1"},"canonical":"https:\/\/www.groupe-gilbert.fr\/en\/legal-publication\/","og_locale":"en_US","og_type":"article","og_title":"Legal publication - Groupe Gilbert","og_description":"Trait\u00e9 d&#8217;apport partiel d&#8217;actifs soumis au r\u00e9gime juridique des scissions entre Financi\u00e8re Batteur et Gilbert Pharma","og_url":"https:\/\/www.groupe-gilbert.fr\/en\/legal-publication\/","og_site_name":"Groupe Gilbert","article_modified_time":"2023-09-15T07:57:27+00:00","twitter_card":"summary_large_image","schema":{"@context":"https:\/\/schema.org","@graph":[{"@type":"WebPage","@id":"https:\/\/www.groupe-gilbert.fr\/en\/legal-publication\/","url":"https:\/\/www.groupe-gilbert.fr\/en\/legal-publication\/","name":"Legal publication - Groupe Gilbert","isPartOf":{"@id":"https:\/\/www.groupe-gilbert.fr\/en\/#website"},"datePublished":"2023-09-15T07:57:26+00:00","dateModified":"2023-09-15T07:57:27+00:00","breadcrumb":{"@id":"https:\/\/www.groupe-gilbert.fr\/en\/legal-publication\/#breadcrumb"},"inLanguage":"en-US","potentialAction":[{"@type":"ReadAction","target":["https:\/\/www.groupe-gilbert.fr\/en\/legal-publication\/"]}]},{"@type":"BreadcrumbList","@id":"https:\/\/www.groupe-gilbert.fr\/en\/legal-publication\/#breadcrumb","itemListElement":[{"@type":"ListItem","position":1,"name":"Accueil","item":"https:\/\/www.groupe-gilbert.fr\/en\/"},{"@type":"ListItem","position":2,"name":"Legal publication"}]},{"@type":"WebSite","@id":"https:\/\/www.groupe-gilbert.fr\/en\/#website","url":"https:\/\/www.groupe-gilbert.fr\/en\/","name":"Gilbert : groupe pharmaceutique et cosm\u00e9tique","description":"La sant\u00e9 commence avec vous","alternateName":"Groupe Gilbert","potentialAction":[{"@type":"SearchAction","target":{"@type":"EntryPoint","urlTemplate":"https:\/\/www.groupe-gilbert.fr\/en\/?s={search_term_string}"},"query-input":{"@type":"PropertyValueSpecification","valueRequired":true,"valueName":"search_term_string"}}],"inLanguage":"en-US"}]}},"_links":{"self":[{"href":"https:\/\/www.groupe-gilbert.fr\/en\/wp-json\/wp\/v2\/pages\/3541","targetHints":{"allow":["GET"]}}],"collection":[{"href":"https:\/\/www.groupe-gilbert.fr\/en\/wp-json\/wp\/v2\/pages"}],"about":[{"href":"https:\/\/www.groupe-gilbert.fr\/en\/wp-json\/wp\/v2\/types\/page"}],"author":[{"embeddable":true,"href":"https:\/\/www.groupe-gilbert.fr\/en\/wp-json\/wp\/v2\/users\/1"}],"replies":[{"embeddable":true,"href":"https:\/\/www.groupe-gilbert.fr\/en\/wp-json\/wp\/v2\/comments?post=3541"}],"version-history":[{"count":1,"href":"https:\/\/www.groupe-gilbert.fr\/en\/wp-json\/wp\/v2\/pages\/3541\/revisions"}],"predecessor-version":[{"id":3542,"href":"https:\/\/www.groupe-gilbert.fr\/en\/wp-json\/wp\/v2\/pages\/3541\/revisions\/3542"}],"wp:attachment":[{"href":"https:\/\/www.groupe-gilbert.fr\/en\/wp-json\/wp\/v2\/media?parent=3541"}],"curies":[{"name":"wp","href":"https:\/\/api.w.org\/{rel}","templated":true}]}}